{"id":2155,"date":"2024-07-02T19:55:47","date_gmt":"2024-07-02T19:55:47","guid":{"rendered":"http:\/\/localhost\/kidscare\/?page_id=3"},"modified":"2025-01-24T16:27:11","modified_gmt":"2025-01-24T16:27:11","slug":"impressum","status":"publish","type":"page","link":"https:\/\/maerchenmacher-events.de\/en\/impressum\/","title":{"rendered":"Imprint"},"content":{"rendered":"<h2 class=\"font_0 wixui-rich-text__text wp-block-heading\"><span class=\"wixui-rich-text__text\">Impressum\u200b<\/span><\/h2>\r\n<p class=\"font_8 wixui-rich-text__text\">\u00a0<\/p>\r\n<h3 style=\"font-family: 'Lato'; font-size: 16px;\">M\u00e4rchenmacher Events<\/h3>\r\n<p><br class=\"wixui-rich-text__text\" \/>Raoul Dia<br class=\"wixui-rich-text__text\" \/>Alexander-K\u00f6nig-Stra\u00dfe 18<br class=\"wixui-rich-text__text\" \/><span class=\"wixui-rich-text__text\">53115 Bonn<br class=\"wixui-rich-text__text\" \/>Tel: 015174268839<br class=\"wixui-rich-text__text\" \/><a class=\"wixui-rich-text__text\" href=\"mailto:info@maerchenmacher-events.de\" target=\"_self\">info@maerchenmacher-events.de<\/a><\/span><\/p>","protected":false},"excerpt":{"rendered":"<p>Impressum\u200b \u00a0 M\u00e4rchenmacher Events Raoul DiaAlexander-K\u00f6nig-Stra\u00dfe 1853115 BonnTel: 015174268839info@maerchenmacher-events.de<\/p>","protected":false},"author":1,"featured_media":0,"parent":0,"menu_order":0,"comment_status":"closed","ping_status":"closed","template":"","meta":{"footnotes":""},"class_list":["post-2155","page","type-page","status-publish","hentry"],"_links":{"self":[{"href":"https:\/\/maerchenmacher-events.de\/en\/wp-json\/wp\/v2\/pages\/2155","targetHints":{"allow":["GET"]}}],"collection":[{"href":"https:\/\/maerchenmacher-events.de\/en\/wp-json\/wp\/v2\/pages"}],"about":[{"href":"https:\/\/maerchenmacher-events.de\/en\/wp-json\/wp\/v2\/types\/page"}],"author":[{"embeddable":true,"href":"https:\/\/maerchenmacher-events.de\/en\/wp-json\/wp\/v2\/users\/1"}],"replies":[{"embeddable":true,"href":"https:\/\/maerchenmacher-events.de\/en\/wp-json\/wp\/v2\/comments?post=2155"}],"version-history":[{"count":12,"href":"https:\/\/maerchenmacher-events.de\/en\/wp-json\/wp\/v2\/pages\/2155\/revisions"}],"predecessor-version":[{"id":4316,"href":"https:\/\/maerchenmacher-events.de\/en\/wp-json\/wp\/v2\/pages\/2155\/revisions\/4316"}],"wp:attachment":[{"href":"https:\/\/maerchenmacher-events.de\/en\/wp-json\/wp\/v2\/media?parent=2155"}],"curies":[{"name":"wp","href":"https:\/\/api.w.org\/{rel}","templated":true}]}}