{"id":3,"date":"2024-11-20T07:05:17","date_gmt":"2024-11-20T07:05:17","guid":{"rendered":"https:\/\/maerchenmacher-events.de\/?page_id=3"},"modified":"2025-01-24T16:13:27","modified_gmt":"2025-01-24T16:13:27","slug":"datenschutz","status":"publish","type":"page","link":"https:\/\/maerchenmacher-events.de\/en\/datenschutz\/","title":{"rendered":"Data protection"},"content":{"rendered":"<div data-elementor-type=\"wp-page\" data-elementor-id=\"3\" class=\"elementor elementor-3\" data-elementor-post-type=\"page\">\n\t\t\t\t<div class=\"elementor-element elementor-element-73123859 e-flex e-con-boxed e-con e-parent\" data-id=\"73123859\" data-element_type=\"container\" data-e-type=\"container\">\n\t\t\t\t\t<div class=\"e-con-inner\">\n\t\t\t\t<div class=\"elementor-element elementor-element-4fa279df elementor-widget elementor-widget-text-editor\" data-id=\"4fa279df\" data-element_type=\"widget\" data-e-type=\"widget\" data-widget_type=\"text-editor.default\">\n\t\t\t\t<div class=\"elementor-widget-container\">\n\t\t\t\t\t\t\t\t\t\n<p class=\"font_8 wixui-rich-text__text\"><span class=\"wixui-rich-text__text\"><h2 class=\"wp-block-heading\">Disclaimer - legal information<\/h2><\/span><\/p>\n<p class=\"font_8 wixui-rich-text__text\"><span class=\"wixui-rich-text__text\"><span class=\"wixGuard wixui-rich-text__text\">\u200b<\/span><\/span><\/p>\n<p class=\"font_8 wixui-rich-text__text\"><span class=\"wixui-rich-text__text\">Right to information and right of withdrawal<\/span><\/p>\n<p class=\"font_8 wixui-rich-text__text\">You have the right to inquire about the personal data collected about you at any time, free of charge and without delay. You can also revoke your consent to the use of your personal data with effect for the future. To do so, please contact the service provider specified in the legal notice.<\/p>\n<p class=\"font_8 wixui-rich-text__text\"><span class=\"wixGuard wixui-rich-text__text\">\u200b<\/span><\/p>\n<p class=\"font_8 wixui-rich-text__text\"><span class=\"wixui-rich-text__text\">Data protection (general)<\/span><\/p>\n<p class=\"font_8 wixui-rich-text__text\">When you access our website, general information (so-called server log files) is automatically recorded. This includes the web browser you are using, your operating system and your internet service provider. This data does not allow any conclusions to be drawn about your person and is statistically evaluated by us in order to improve our website technically and in terms of content. The collection of this information is necessary in order to be able to deliver the content of the website correctly.<\/p>\n<p class=\"font_8 wixui-rich-text__text\">The use of the website is generally possible without providing personal data. Where personal data (e.g. name, address or e-mail addresses) is collected, this is always done on a voluntary basis as far as possible. This data will not be passed on to third parties without your express consent.<\/p>\n<p class=\"font_8 wixui-rich-text__text\">If a contractual relationship is to be established, developed or amended, or if you send us an inquiry, we will collect and use your personal data insofar as this is necessary for this purpose (inventory data). We collect, process and use personal data insofar as this is necessary to enable you to use the website (usage data). All personal data is only stored for as long as is necessary for the stated purpose (processing your request or processing a contract). We take into account retention periods under tax and commercial law. By order of the competent authorities, we must provide information about this data (inventory data) in individual cases, insofar as this is necessary for the purposes of criminal prosecution, to avert danger, to fulfill the legal duties of the constitutional protection authorities or the Military Counter-Intelligence Service or to enforce intellectual property rights.<\/p>\n<p class=\"font_8 wixui-rich-text__text\">We expressly point out that data transmission on the Internet (e.g. when communicating by e-mail) can have security gaps. Access to data cannot be completely protected.<\/p>\n<p class=\"font_8 wixui-rich-text__text\">The use of contact data published in the context of the imprint obligation by third parties for sending unsolicited advertising and information materials is hereby expressly prohibited. This does not apply to existing business relationships or if you have received our consent to do so.<\/p>\n<p class=\"font_8 wixui-rich-text__text\">The providers and all third parties mentioned on this website expressly reserve the right to take legal action in the event of the unsolicited sending of advertising information. The same applies to the commercial use and forwarding of data.<\/p>\n<p class=\"font_8 wixui-rich-text__text\"><span class=\"wixGuard wixui-rich-text__text\">\u200b<\/span><\/p>\n<p class=\"font_8 wixui-rich-text__text\"><span class=\"wixui-rich-text__text\">Privacy policy Facebook plugins (Like button etc.)<\/span><\/p>\n<p class=\"font_8 wixui-rich-text__text\">Plugins from the social media provider Facebook.com (for Europe: Facebook Ireland Limited, 4 Grand Canal Square, Dublin 2, Ireland; for the USA: Facebook Inc., 1601 Willow Road, Menlo Park, CA 94025, USA) are implemented on this website. You can find an overview of the Facebook plugins here:\u00a0<span class=\"wixui-rich-text__text\"><a class=\"wixui-rich-text__text\" href=\"https:\/\/developers.facebook.com\/docs\/plugins\/\" target=\"_blank\" rel=\"noreferrer noopener\">https:\/\/developers.facebook.com\/docs\/plugins\/<\/a><\/span>.<\/p>\n<p class=\"font_8 wixui-rich-text__text\">When you visit pages with Facebook plugins, the plugin establishes a connection between your browser and a Facebook server. As a result, Facebook receives information about your IP address and your visit to our website.<\/p>\n<p class=\"font_8 wixui-rich-text__text\">Clicking on the Facebook plugins will take you to the Facebook login area. Facebook users who are already logged in can immediately publish content from our website on their Facebook profiles. As a result of using these plugins, Facebook can assign the visit to our website to your personal user account. We expressly point out that, as the provider of this website, we have no knowledge of the content of the transmitted data or its use by Facebook. Further information on data protection by Facebook can be found at\u00a0<span class=\"wixui-rich-text__text\"><a class=\"wixui-rich-text__text\" href=\"https:\/\/de-de.facebook.com\/policy.php\" target=\"_blank\" rel=\"noreferrer noopener\">https:\/\/de-de.facebook.com\/policy.php<\/a><\/span>.<\/p>\n<p class=\"font_8 wixui-rich-text__text\">To prevent Facebook from linking your visit to our website to your user account, you must log out of your Facebook account.<\/p>\n<p class=\"font_8 wixui-rich-text__text\"><span class=\"wixGuard wixui-rich-text__text\">\u200b<\/span><\/p>\n<p class=\"font_8 wixui-rich-text__text\"><span class=\"wixui-rich-text__text\">Google Analytics<\/span><\/p>\n<p class=\"font_8 wixui-rich-text__text\">Diese Website benutzt Google Analytics, einen Webanalysedienst der Google Inc. (&#8220;Google&#8221;), 1600 Amphitheatre Parkway, Mountain View, CA 94043, USA. Google Analytics verwendet sog. &#8220;Cookies&#8221; (Textdateien), die auf Ihrem Computer gespeichert werden und die eine Analyse der Benutzung der Website durch Sie erm\u00f6glichen. Die durch das Cookie erzeugten Informationen \u00fcber Ihre Benutzung dieser Website werden in der Regel an einen Server von Google in den USA \u00fcbertragen und dort gespeichert. Im Falle der Aktivierung der IP-Anonymisierung auf dieser Website, wird Ihre IP-Adresse von Google jedoch innerhalb von Mitgliedstaaten der Europ\u00e4ischen Union oder in anderen Vertragsstaaten des Abkommens \u00fcber den Europ\u00e4ischen Wirtschaftsraum zuvor gek\u00fcrzt. Nur in Ausnahmef\u00e4llen wird die vollst\u00e4ndige IP-Adresse an einen Server von Google in den USA \u00fcbertragen und dort anonymisiert. Im Auftrag des Betreibers dieser Website wird Google diese Informationen benutzen, um Ihre Nutzung der Website auszuwerten, um Reports \u00fcber die Websiteaktivit\u00e4ten zusammenzustellen und um weitere mit der Websitenutzung und der Internetnutzung verbundene Dienstleistungen gegen\u00fcber dem Websitebetreiber zu erbringen. Die im Rahmen von Google Analytics von Ihrem Browser \u00fcbermittelte IP-Adresse wird nicht mit anderen Daten von Google zusammengef\u00fchrt.<\/p>\n<p class=\"font_8 wixui-rich-text__text\">You may refuse the use of cookies by selecting the appropriate settings on your browser, however please note that if you do this you may not be able to use the full functionality of this website. You can also prevent Google from collecting the data generated by the cookie and relating to your use of the website (including your IP address) and from processing this data by Google by downloading and installing the browser add-on available at the following link:\u00a0<span class=\"wixui-rich-text__text\"><a class=\"wixui-rich-text__text\" href=\"http:\/\/tools.google.com\/dlpage\/gaoptout?hl=de\" target=\"_blank\" rel=\"noreferrer noopener\">http:\/\/tools.google.com\/dlpage\/gaoptout?hl=de<\/a><\/span>. Das Browser-Add-on zur Deaktivierung von Google Analytics ist mit Chrome, Internet Explorer 8 bis 11, Safari, Firefox und Opera kompatibel.<\/p>\n<p class=\"font_8 wixui-rich-text__text\">Further information on terms of use and data protection can be found under the following links:\u00a0<span class=\"wixui-rich-text__text\"><a class=\"wixui-rich-text__text\" href=\"http:\/\/www.google.com\/analytics\/terms\/de.html\" target=\"_blank\" rel=\"noreferrer noopener\">http:\/\/www.google.com\/analytics\/terms\/de.html<\/a><\/span>\u00a0und\u00a0<span class=\"wixui-rich-text__text\"><a class=\"wixui-rich-text__text\" href=\"https:\/\/www.google.de\/intl\/de\/policies\/\" target=\"_blank\" rel=\"noreferrer noopener\">https:\/\/www.google.de\/intl\/de\/policies\/<\/a><\/span>.<\/p>\n<p class=\"font_8 wixui-rich-text__text\"><span class=\"wixGuard wixui-rich-text__text\">\u200b<\/span><\/p>\n<p class=\"font_8 wixui-rich-text__text\"><span class=\"wixui-rich-text__text\">Google Adsense<\/span><\/p>\n<p class=\"font_8 wixui-rich-text__text\">Diese Website benutzt Google Adsense, einen Werbeanzeigendienst der Google Inc. (&#8220;Google&#8221;), 1600 Amphitheatre Parkway, Mountain View, CA 94043, USA. Google Adsense verwendet sog. &#8220;Cookies&#8221; (Textdateien), die auf Ihrem Computer gespeichert werden und die eine Analyse der Benutzung der Website durch Sie erm\u00f6glichen. F\u00fcr die Auswertung verwendet Google Adsense zus\u00e4tzlich sog. &#8220;Web Beacons&#8221; (kleine unsichtbare Grafiken), welche z. B. Informationen wie den Besucherverkehr auf der Seite erzeugen. Diese gesammelten Informationen (einschlie\u00dflich Ihrer IP-Adresse) werden in der Regel an einen Server von Google in den USA \u00fcbertragen und dort gespeichert. Die Informationen verwendet Google, um Ihre Nutzung der Website im Hinblick auf die Werbeanzeigen zu analysieren und so Auswertungen \u00fcber die Websiteaktivit\u00e4ten und Werbeanzeigen f\u00fcr die Betreiber der Website vornehmen zu k\u00f6nnen sowie weitere Dienstleistungen in Bezug auf die Websitenutzung und Internetnutzung erbringen zu k\u00f6nnen. Die von Google gesammelten Informationen k\u00f6nnen an Dritte, durch Vertrag oder durch gesetzliche Vorschriften, von Google weitergegeben werden. Google wird Ihre IP-Adresse nicht mit anderen von Ihnen gespeicherten Daten verkn\u00fcpfen.<\/p>\n<p class=\"font_8 wixui-rich-text__text\">You can prevent the storage of cookies and the display of web beacons by setting your browser software accordingly; however, we would like to point out that in this case you may not be able to use all functions of this website to their full extent.<\/p>\n<p class=\"font_8 wixui-rich-text__text\">By using this website, you consent to the processing of data about you by Google in the manner and for the purposes set out above.<\/p>\n<p class=\"font_8 wixui-rich-text__text\"><span class=\"wixGuard wixui-rich-text__text\">\u200b<\/span><\/p>\n<p class=\"font_8 wixui-rich-text__text\"><span class=\"wixui-rich-text__text\">Privacy policy Google Plus<\/span><\/p>\n<p class=\"font_8 wixui-rich-text__text\">Auf dieser Website sind Plugins (&#8220;g+1&#8221; etc.) des Social-Networks Google Plus der Google Inc. (&#8220;Google&#8221;), 1600 Amphitheatre Parkway, Mountain View, CA 94043, USA implementiert. Die +1 Schaltfl\u00e4che erm\u00f6glicht es Ihnen als registrierter Google-Plus-Nutzer Ihr Interesse an unseren Webinhalten bei Google Plus zu ver\u00f6ffentlichen. Bei Benutzung der Schaltfl\u00e4che speichert Google die Information, dass Sie f\u00fcr einen bestimmten Webinhalt ein &#8220;+1&#8221; gegeben haben sowie Informationen \u00fcber die Site, die sich angesehen haben. Die von Ihnen vergebenen &#8220;+1&#8221; k\u00f6nnen zusammen mit Ihren Angaben Ihres Benutzerprofils bei Google (ggf. auch mit Ihrem Namen und Foto) bei Google Plus und anderen Google-Diensten ausgegeben werden. Weitere Informationen zur Datenerhebung, der Verarbeitung und Nutzung der Daten sowie zum Datenschutz durch Google erhalten Sie unter:\u00a0<span class=\"wixui-rich-text__text\"><a class=\"wixui-rich-text__text\" href=\"https:\/\/www.google.com\/intl\/de\/policies\/privacy\/\" target=\"_blank\" rel=\"noreferrer noopener\">https:\/\/www.google.com\/intl\/de\/policies\/privacy\/<\/a><\/span>.<\/p>\n<p class=\"font_8 wixui-rich-text__text\"><span class=\"wixGuard wixui-rich-text__text\">\u200b<\/span><\/p>\n<p class=\"font_8 wixui-rich-text__text\"><span class=\"wixui-rich-text__text\">Privacy policy Google Remarketing and similar target groups<\/span><\/p>\n<p class=\"font_8 wixui-rich-text__text\">Auf dieser Website sind Plugins f\u00fcr die Google Remarketing bzw. \u00e4hnliche Zielgruppen Funktionen der Google Inc. (&#8220;Google&#8221;), 1600 Amphitheatre Parkway, Mountain View, CA 94043, USA implementiert. Hierf\u00fcr werden sog. &#8220;Cookies&#8221; (Textdateien), die auf Ihrem Computer gespeichert werden und die eine Analyse der Benutzung der Website durch Sie erm\u00f6glichen, verwendet. Die durch das Cookie erzeugten Informationen \u00fcber Ihre Benutzung dieser Website werden in der Regel an einen Server von Google in den USA \u00fcbertragen und dort gespeichert. Es ist somit m\u00f6glich, sie auf anderen Websites im &#8220;Google Display-Netzwerk&#8221; zielgerichtet mit personalisierter und interessensbezogener Anzeigenwerbung anzusprechen. Sie k\u00f6nnen die Speicherung der Cookies durch eine entsprechende Einstellung Ihrer Browser-Software verhindern; wir weisen Sie jedoch darauf hin, dass Sie in diesem Fall gegebenenfalls nicht s\u00e4mtliche Funktionen dieser Website vollumf\u00e4nglich nutzen k\u00f6nnen. Sie k\u00f6nnen dar\u00fcber hinaus die Erfassung der durch das Cookie erzeugten und auf Ihre Nutzung der Website bezogenen Daten (inkl. Ihrer IP-Adresse) an Google sowie die Verarbeitung dieser Daten durch Google verhindern, indem sie das unter dem folgenden Link verf\u00fcgbare Browser-Add-on herunterladen und installieren:\u00a0<span class=\"wixui-rich-text__text\"><a class=\"wixui-rich-text__text\" href=\"https:\/\/www.google.com\/settings\/ads\/plugin?hl=de\" target=\"_blank\" rel=\"noreferrer noopener\">https:\/\/www.google.com\/settings\/ads\/plugin?hl=de<\/a><\/span>. Das Browser-Add-on zur Deaktivierung von Google Analytics ist mit Chrome, Internet Explorer, Safari, und Firefox kompatibel. Dar\u00fcber hinaus k\u00f6nnen Sie die Verwendung von Cookies durch Drittanbieter deaktivieren. Hierf\u00fcr folgen Sie bitte den Anweisungen der Network Advertising Initiative (<span class=\"wixui-rich-text__text\"><a class=\"wixui-rich-text__text\" href=\"http:\/\/www.networkadvertising.org\/choices\/\" target=\"_blank\" rel=\"noreferrer noopener\">http:\/\/www.networkadvertising.org\/choices\/<\/a><\/span>).<\/p>\n<p class=\"font_8 wixui-rich-text__text\">Further information on the terms of use and data protection of Google Remarketing can be found at the following link:\u00a0<span class=\"wixui-rich-text__text\"><a class=\"wixui-rich-text__text\" href=\"http:\/\/www.google.com\/policies\/technologies\/ads\/\" target=\"_blank\" rel=\"noreferrer noopener\">http:\/\/www.google.com\/policies\/technologies\/ads\/<\/a><\/span>.<\/p>\n<p class=\"font_8 wixui-rich-text__text\"><span class=\"wixGuard wixui-rich-text__text\">\u200b<\/span><\/p>\n<p class=\"font_8 wixui-rich-text__text\"><span class=\"wixui-rich-text__text\">Google AdWords conversion tracking privacy policy<\/span><\/p>\n<p class=\"font_8 wixui-rich-text__text\">Auf dieser Website ist das Plugin f\u00fcr die &#8220;Google AdWords Conversion-Tracking&#8221;-Funktion der Google Inc. (&#8220;Google&#8221;), 1600 Amphitheatre Parkway, Mountain View, CA 94043, USA implementiert. Hierf\u00fcr werden sog. &#8220;Cookies&#8221; (Textdateien), die auf Ihrem Computer gespeichert werden und die eine Analyse der Benutzung der Website durch Sie erm\u00f6glichen, wenn Sie auf eine Anzeige von Google geklickt haben, verwendet. Die durch das Cookie erzeugten Informationen \u00fcber Ihre Benutzung dieser Website werden f\u00fcr 90 Tage gespeichert. Personalisierte Daten werden dabei nicht gespeichert. F\u00fcr die G\u00fcltigkeitsdauer k\u00f6nnen Google und wir als Betreiber erkennen, dass Sie eine Anzeige angeklickt haben und zu einer entsprechenden Zielsite gelangt sind. Die gespeicherten Cookies k\u00f6nnen nicht \u00fcber mehrere Websites von verschiedenen AdWords-Kunden verfolgt werden. Es werden im Google AdWords-Dienst sog. Conversion-Statistiken erhoben, welche die Anzahl der Nutzer, die auf eine Anzeige geklickt haben, erfasst. Zus\u00e4tzlich wird beziffert, wie viele Nutzer zu einer &#8220;Conversion-Tag-Zielsite&#8221; verlinkt wurden.<\/p>\n<p class=\"font_8 wixui-rich-text__text\">Sie k\u00f6nnen die Speicherung der Cookies durch eine entsprechende Einstellung Ihrer Browser-Software verhindern; wir weisen Sie jedoch darauf hin, dass Sie in diesem Fall gegebenenfalls nicht s\u00e4mtliche Funktionen dieser Website vollumf\u00e4nglich nutzen k\u00f6nnen.<\/p>\n<p class=\"font_8 wixui-rich-text__text\">By using this website, you consent to the processing of data about you by Google in the manner and for the purposes set out above.<\/p>\n<p class=\"font_8 wixui-rich-text__text\">Further information on terms of use and data protection can be found under the following links:\u00a0<span class=\"wixui-rich-text__text\"><a class=\"wixui-rich-text__text\" href=\"https:\/\/support.google.com\/adwords\/answer\/93148?ctx=tltp\" target=\"_blank\" rel=\"noreferrer noopener\">https:\/\/support.google.com\/adwords\/answer\/93148?ctx=tltp<\/a><\/span>und\u00a0<span class=\"wixui-rich-text__text\"><a class=\"wixui-rich-text__text\" href=\"http:\/\/www.google.de\/policies\/privacy\/\" target=\"_blank\" rel=\"noreferrer noopener\">http:\/\/www.google.de\/policies\/privacy\/<\/a><\/span>.<\/p>\n<p class=\"font_8 wixui-rich-text__text\">\u00a0<\/p>\n<p class=\"font_8 wixui-rich-text__text\"><span class=\"wixui-rich-text__text\">Disclaimer (Haftungsausschluss)<\/span><\/p>\n<p class=\"font_8 wixui-rich-text__text\"><span class=\"wixui-rich-text__text\"><span class=\"wixGuard wixui-rich-text__text\">\u200b<\/span><\/span><\/p>\n<p class=\"font_8 wixui-rich-text__text\"><span class=\"wixui-rich-text__text\">1. Liability for content<\/span><\/p>\n<p class=\"font_8 wixui-rich-text__text\">As a service provider, we are responsible for our own content on these pages in accordance with Section 7 (1) TMG (German Telemedia Act) and general legislation. According to \u00a7\u00a7 8 to 10 TMG, however, we as a service provider are not obliged to monitor transmitted or stored third-party information or to investigate circumstances that indicate illegal activity. Obligations to remove or block the use of information in accordance with general legislation remain unaffected by this. However, liability in this respect is only possible from the time of knowledge of a specific infringement. As soon as we become aware of such infringements, we will remove this content immediately.<\/p>\n<p class=\"font_8 wixui-rich-text__text\"><span class=\"wixGuard wixui-rich-text__text\">\u200b<\/span><\/p>\n<p class=\"font_8 wixui-rich-text__text\"><span class=\"wixui-rich-text__text\">2. Liability for links<\/span><\/p>\n<p class=\"font_8 wixui-rich-text__text\">This website contains links to external websites of third parties over whose content no influence can be exerted. Therefore, no liability can be accepted for this third-party content. The respective provider or operator of the pages is always responsible for the content of the linked pages. The linked pages were checked for possible legal violations at the time of linking. Illegal content was not recognizable at the time of linking. However, permanent monitoring of the content of the linked pages is not reasonable without concrete evidence of an infringement. If we become aware of any legal infringements, we will immediately remove such links from this website to the infringing site.<\/p>\n<p class=\"font_8 wixui-rich-text__text\"><span class=\"wixGuard wixui-rich-text__text\">\u200b<\/span><\/p>\n<p class=\"font_8 wixui-rich-text__text\"><span class=\"wixui-rich-text__text\">3. Copyright<\/span><\/p>\n<p class=\"font_8 wixui-rich-text__text\">Die durch die Diensteanbieter, deren Mitarbeiter und beauftragte Dritte erstellten Inhalte und Werke auf diesen Seiten unterliegen dem deutschen Urheberrecht. Die Vervielf\u00e4ltigung, Bearbeitung, Verbreitung und jede Art der Verwertung au\u00dferhalb der Grenzen des Urheberrechtes bed\u00fcrfen der vorherigen schriftlichen Zustimmung des jeweiligen Autors bzw. Erstellers. Downloads und Kopien dieser Seite sind nur f\u00fcr den privaten, nicht kommerziellen Gebrauch gestattet. Soweit die Inhalte auf dieser Seite nicht vom Betreiber erstellt wurden, werden die Urheberrechte Dritter beachtet. Insbesondere werden Inhalte Dritter als solche gekennzeichnet. Sollten Sie trotzdem auf eine Urheberrechtsverletzung aufmerksam werden, bitten wir um einen entsprechenden Hinweis.<\/p>\n<h3 style=\"font-size: 16px; font-family: 'Lato';\">Bei Bekanntwerden von Rechtsverletzungen werden derartige Inhalte umgehend entfernen.<\/h3>\t\t\t\t\t\t\t\t<\/div>\n\t\t\t\t<\/div>\n\t\t\t\t\t<\/div>\n\t\t\t\t<\/div>\n\t\t\t\t<\/div>","protected":false},"excerpt":{"rendered":"<p>Disclaimer &#8211; rechtliche Hinweise \u200b Auskunfts- und Widerrufsrecht Sie haben jederzeit das Recht, sich unentgeltlich und unverz\u00fcglich \u00fcber die zu Ihrer Person erhobenen Daten zu erkundigen. Ebenfalls k\u00f6nnen Sie Ihre Zustimmung zur Verwendung Ihrer angegebenen pers\u00f6nlichen Daten mit Wirkung f\u00fcr die Zukunft widerrufen. Hierf\u00fcr wenden Sie sich bitte an den im Impressum angegebenen Diensteanbieter. \u200b [&hellip;]<\/p>\n","protected":false},"author":1,"featured_media":0,"parent":0,"menu_order":0,"comment_status":"closed","ping_status":"closed","template":"","meta":{"footnotes":""},"class_list":["post-3","page","type-page","status-publish","hentry"],"_links":{"self":[{"href":"https:\/\/maerchenmacher-events.de\/en\/wp-json\/wp\/v2\/pages\/3","targetHints":{"allow":["GET"]}}],"collection":[{"href":"https:\/\/maerchenmacher-events.de\/en\/wp-json\/wp\/v2\/pages"}],"about":[{"href":"https:\/\/maerchenmacher-events.de\/en\/wp-json\/wp\/v2\/types\/page"}],"author":[{"embeddable":true,"href":"https:\/\/maerchenmacher-events.de\/en\/wp-json\/wp\/v2\/users\/1"}],"replies":[{"embeddable":true,"href":"https:\/\/maerchenmacher-events.de\/en\/wp-json\/wp\/v2\/comments?post=3"}],"version-history":[{"count":8,"href":"https:\/\/maerchenmacher-events.de\/en\/wp-json\/wp\/v2\/pages\/3\/revisions"}],"predecessor-version":[{"id":4304,"href":"https:\/\/maerchenmacher-events.de\/en\/wp-json\/wp\/v2\/pages\/3\/revisions\/4304"}],"wp:attachment":[{"href":"https:\/\/maerchenmacher-events.de\/en\/wp-json\/wp\/v2\/media?parent=3"}],"curies":[{"name":"wp","href":"https:\/\/api.w.org\/{rel}","templated":true}]}}